{"id":393,"date":"2025-04-16T21:24:15","date_gmt":"2025-04-16T19:24:15","guid":{"rendered":"https:\/\/printrelay.be\/?page_id=393"},"modified":"2025-05-20T21:25:13","modified_gmt":"2025-05-20T19:25:13","slug":"politique-dexpedition-et-de-retour","status":"publish","type":"page","link":"https:\/\/printrelay.be\/index.php\/politique-dexpedition-et-de-retour\/","title":{"rendered":""},"content":{"rendered":"\n<figure class=\"wp-block-image aligncenter size-full is-resized\"><a href=\"https:\/\/printrelay.be\/\"><img fetchpriority=\"high\" decoding=\"async\" width=\"460\" height=\"125\" src=\"http:\/\/printrelay.be\/wp-content\/uploads\/2025\/04\/print-relau-bleu.png\" alt=\"\" class=\"wp-image-371\" style=\"width:570px;height:auto\" srcset=\"https:\/\/printrelay.be\/wp-content\/uploads\/2025\/04\/print-relau-bleu.png 460w, https:\/\/printrelay.be\/wp-content\/uploads\/2025\/04\/print-relau-bleu-300x82.png 300w\" sizes=\"(max-width: 460px) 100vw, 460px\" \/><\/a><\/figure>\n\n\n\n<div class=\"wp-block-group alignfull is-layout-constrained wp-container-core-group-is-layout-23b1a4dc wp-block-group-is-layout-constrained\" style=\"padding-top:var(--wp--preset--spacing--30);padding-right:var(--wp--preset--spacing--30);padding-bottom:var(--wp--preset--spacing--30);padding-left:var(--wp--preset--spacing--30)\">\n<div class=\"wp-block-group alignwide is-content-justification-center is-layout-flex wp-container-core-group-is-layout-a89b3969 wp-block-group-is-layout-flex\"><nav class=\"is-responsive items-justified-center wp-block-navigation is-content-justification-center is-layout-flex wp-container-core-navigation-is-layout-64ede673 wp-block-navigation-is-layout-flex\" aria-label=\"Navigation 2\" \n\t\t data-wp-interactive=\"core\/navigation\" data-wp-context='{\"overlayOpenedBy\":{\"click\":false,\"hover\":false,\"focus\":false},\"type\":\"overlay\",\"roleAttribute\":\"\",\"ariaLabel\":\"Menu\"}'><button aria-haspopup=\"dialog\" aria-label=\"Ouvrir le menu\" class=\"wp-block-navigation__responsive-container-open\" \n\t\t\t\tdata-wp-on--click=\"actions.openMenuOnClick\"\n\t\t\t\tdata-wp-on--keydown=\"actions.handleMenuKeydown\"\n\t\t\t><svg width=\"24\" height=\"24\" xmlns=\"http:\/\/www.w3.org\/2000\/svg\" viewBox=\"0 0 24 24\" aria-hidden=\"true\" focusable=\"false\"><path d=\"M4 7.5h16v1.5H4z\"><\/path><path d=\"M4 15h16v1.5H4z\"><\/path><\/svg><\/button>\n\t\t\t\t<div class=\"wp-block-navigation__responsive-container\"  id=\"modal-1\" \n\t\t\t\tdata-wp-class--has-modal-open=\"state.isMenuOpen\"\n\t\t\t\tdata-wp-class--is-menu-open=\"state.isMenuOpen\"\n\t\t\t\tdata-wp-watch=\"callbacks.initMenu\"\n\t\t\t\tdata-wp-on--keydown=\"actions.handleMenuKeydown\"\n\t\t\t\tdata-wp-on--focusout=\"actions.handleMenuFocusout\"\n\t\t\t\ttabindex=\"-1\"\n\t\t\t>\n\t\t\t\t\t<div class=\"wp-block-navigation__responsive-close\" tabindex=\"-1\">\n\t\t\t\t\t\t<div class=\"wp-block-navigation__responsive-dialog\" \n\t\t\t\tdata-wp-bind--aria-modal=\"state.ariaModal\"\n\t\t\t\tdata-wp-bind--aria-label=\"state.ariaLabel\"\n\t\t\t\tdata-wp-bind--role=\"state.roleAttribute\"\n\t\t\t>\n\t\t\t\t\t\t\t<button aria-label=\"Fermer le menu\" class=\"wp-block-navigation__responsive-container-close\" \n\t\t\t\tdata-wp-on--click=\"actions.closeMenuOnClick\"\n\t\t\t><svg xmlns=\"http:\/\/www.w3.org\/2000\/svg\" viewBox=\"0 0 24 24\" width=\"24\" height=\"24\" aria-hidden=\"true\" focusable=\"false\"><path d=\"m13.06 12 6.47-6.47-1.06-1.06L12 10.94 5.53 4.47 4.47 5.53 10.94 12l-6.47 6.47 1.06 1.06L12 13.06l6.47 6.47 1.06-1.06L13.06 12Z\"><\/path><\/svg><\/button>\n\t\t\t\t\t\t\t<div class=\"wp-block-navigation__responsive-container-content\" \n\t\t\t\tdata-wp-watch=\"callbacks.focusFirstElement\"\n\t\t\t id=\"modal-1-content\">\n\t\t\t\t\t\t\t\t<ul class=\"wp-block-navigation__container is-responsive items-justified-center wp-block-navigation\"><li class=\" wp-block-navigation-item wp-block-navigation-link\"><a class=\"wp-block-navigation-item__content\"  href=\"https:\/\/printrelay.be\/\"><span class=\"wp-block-navigation-item__label\">Accueil<\/span><\/a><\/li><li class=\" wp-block-navigation-item wp-block-navigation-link\"><a class=\"wp-block-navigation-item__content\"  href=\"https:\/\/printrelay.be\/index.php\/demander-un-devis\/\"><span class=\"wp-block-navigation-item__label\">Demander un devis<\/span><\/a><\/li><li class=\" wp-block-navigation-item wp-block-navigation-link\"><a class=\"wp-block-navigation-item__content\"  href=\"https:\/\/printrelay.be\/index.php\/produit\/impression-de-document\/\"><span class=\"wp-block-navigation-item__label\">Calculer le prix<\/span><\/a><\/li><li data-wp-context=\"{ &quot;submenuOpenedBy&quot;: { &quot;click&quot;: false, &quot;hover&quot;: false, &quot;focus&quot;: false }, &quot;type&quot;: &quot;submenu&quot;, &quot;modal&quot;: null, &quot;previousFocus&quot;: null }\" data-wp-interactive=\"core\/navigation\" data-wp-on--focusout=\"actions.handleMenuFocusout\" data-wp-on--keydown=\"actions.handleMenuKeydown\" data-wp-on--mouseenter=\"actions.openMenuOnHover\" data-wp-on--mouseleave=\"actions.closeMenuOnHover\" data-wp-watch=\"callbacks.initMenu\" tabindex=\"-1\" class=\"wp-block-navigation-item has-child open-on-hover-click wp-block-navigation-submenu\"><a class=\"wp-block-navigation-item__content\" href=\"https:\/\/printrelay.be\/index.php\/186-2\/\"><span class=\"wp-block-navigation-item__label\">F.A.Q<\/span><\/a><button data-wp-bind--aria-expanded=\"state.isMenuOpen\" data-wp-on--click=\"actions.toggleMenuOnClick\" aria-label=\"Sous-menu F.A.Q\" class=\"wp-block-navigation__submenu-icon wp-block-navigation-submenu__toggle\" ><svg xmlns=\"http:\/\/www.w3.org\/2000\/svg\" width=\"12\" height=\"12\" viewBox=\"0 0 12 12\" fill=\"none\" aria-hidden=\"true\" focusable=\"false\"><path d=\"M1.50002 4L6.00002 8L10.5 4\" stroke-width=\"1.5\"><\/path><\/svg><\/button><ul data-wp-on--focus=\"actions.openMenuOnFocus\" class=\"wp-block-navigation__submenu-container wp-block-navigation-submenu\"><li class=\" wp-block-navigation-item wp-block-navigation-link\"><a class=\"wp-block-navigation-item__content\"  href=\"https:\/\/printrelay.be\/index.php\/politique-de-retour-et-de-remboursement\/\"><span class=\"wp-block-navigation-item__label\">Politique de retour et remboursement<\/span><\/a><\/li><li class=\" wp-block-navigation-item wp-block-navigation-link\"><a class=\"wp-block-navigation-item__content\"  href=\"https:\/\/printrelay.be\/index.php\/politique-de-confidentialite-2\/\"><span class=\"wp-block-navigation-item__label\">Politique de confidentialit\u00e9<\/span><\/a><\/li><li class=\" wp-block-navigation-item wp-block-navigation-link\"><a class=\"wp-block-navigation-item__content\"  href=\"https:\/\/printrelay.be\/index.php\/politique-dexpedition-et-de-retour\/\"><span class=\"wp-block-navigation-item__label\">Politique d&rsquo;exp\u00e9dition <\/span><\/a><\/li><li class=\" wp-block-navigation-item wp-block-navigation-link\"><a class=\"wp-block-navigation-item__content\"  href=\"https:\/\/printrelay.be\/index.php\/mentions-legales\/\"><span class=\"wp-block-navigation-item__label\">Mentions l\u00e9gales<\/span><\/a><\/li><li class=\" wp-block-navigation-item wp-block-navigation-link\"><a class=\"wp-block-navigation-item__content\"  href=\"https:\/\/printrelay.be\/index.php\/conditions-generales-dutilisation\/\"><span class=\"wp-block-navigation-item__label\">Conditions g\u00e9n\u00e9rales d&rsquo;utilisation<\/span><\/a><\/li><li class=\" wp-block-navigation-item wp-block-navigation-link\"><a class=\"wp-block-navigation-item__content\"  href=\"https:\/\/printrelay.be\/index.php\/conditions-generales-de-vente\/\"><span class=\"wp-block-navigation-item__label\">Conditions g\u00e9n\u00e9rales de vente<\/span><\/a><\/li><\/ul><\/li><\/ul>\n\t\t\t\t\t\t\t<\/div>\n\t\t\t\t\t\t<\/div>\n\t\t\t\t\t<\/div>\n\t\t\t\t<\/div><\/nav><\/div>\n<\/div>\n\n\n\n<h2 class=\"wp-block-heading has-text-align-center\">Politique d&rsquo;exp\u00e9dition et de retour<\/h2>\n\n\n\n<p>Chez Print Relay, nous nous engageons \u00e0 vous offrir une exp\u00e9rience d&rsquo;achat agr\u00e9able et sans tracas. C&rsquo;est pourquoi nous avons mis en place une politique d&rsquo;exp\u00e9dition enti\u00e8rement gratuite pour vous simplifier la vie !<\/p>\n\n\n\n<p>Nous livrons toute la Belgique.<\/p>\n\n\n\n<p>Frais d&rsquo;exp\u00e9dition<\/p>\n\n\n\n<p>\u00b7 Livraison gratuite : Toutes les commandes b\u00e9n\u00e9ficient de la livraison gratuite, quel que soit le montant d&rsquo;achat ou le lieu de livraison.<\/p>\n\n\n\n<p>\u00b7 D\u00e9lais de livraison : la livraison prend g\u00e9n\u00e9ralement 1 jour ouvrable en main propre. D\u00e8s que votre commande est exp\u00e9di\u00e9e, vous recevrez un email de confirmation quand votre colis est en route.<\/p>\n\n\n\n<p>Traitement des commandes<\/p>\n\n\n\n<p>\u00b7 Les commandes sont trait\u00e9es sans d\u00e9lai \u00e0 partir du jour de la commande.<\/p>\n\n\n\n<p>\u00b7 Nous vous prions de noter que les jours f\u00e9ri\u00e9s et les p\u00e9riodes de forte demande peuvent prolonger les d\u00e9lais de traitement.<\/p>\n","protected":false},"excerpt":{"rendered":"<p>Politique d&rsquo;exp\u00e9dition et de retour Chez Print Relay, nous nous engageons \u00e0 vous offrir une exp\u00e9rience d&rsquo;achat agr\u00e9able et sans tracas. C&rsquo;est pourquoi nous avons mis en place une politique d&rsquo;exp\u00e9dition enti\u00e8rement gratuite pour vous simplifier la vie ! Nous livrons toute la Belgique. Frais d&rsquo;exp\u00e9dition \u00b7 Livraison gratuite : Toutes les commandes b\u00e9n\u00e9ficient de [&hellip;]<\/p>\n","protected":false},"author":1,"featured_media":0,"parent":0,"menu_order":0,"comment_status":"closed","ping_status":"closed","template":"","meta":{"footnotes":""},"class_list":["post-393","page","type-page","status-publish","hentry"],"jetpack_sharing_enabled":true,"_links":{"self":[{"href":"https:\/\/printrelay.be\/index.php\/wp-json\/wp\/v2\/pages\/393","targetHints":{"allow":["GET"]}}],"collection":[{"href":"https:\/\/printrelay.be\/index.php\/wp-json\/wp\/v2\/pages"}],"about":[{"href":"https:\/\/printrelay.be\/index.php\/wp-json\/wp\/v2\/types\/page"}],"author":[{"embeddable":true,"href":"https:\/\/printrelay.be\/index.php\/wp-json\/wp\/v2\/users\/1"}],"replies":[{"embeddable":true,"href":"https:\/\/printrelay.be\/index.php\/wp-json\/wp\/v2\/comments?post=393"}],"version-history":[{"count":3,"href":"https:\/\/printrelay.be\/index.php\/wp-json\/wp\/v2\/pages\/393\/revisions"}],"predecessor-version":[{"id":705,"href":"https:\/\/printrelay.be\/index.php\/wp-json\/wp\/v2\/pages\/393\/revisions\/705"}],"wp:attachment":[{"href":"https:\/\/printrelay.be\/index.php\/wp-json\/wp\/v2\/media?parent=393"}],"curies":[{"name":"wp","href":"https:\/\/api.w.org\/{rel}","templated":true}]}}