{"id":397,"date":"2025-04-16T21:29:52","date_gmt":"2025-04-16T19:29:52","guid":{"rendered":"https:\/\/printrelay.be\/?page_id=397"},"modified":"2025-05-20T21:26:08","modified_gmt":"2025-05-20T19:26:08","slug":"conditions-generales-de-vente","status":"publish","type":"page","link":"https:\/\/printrelay.be\/index.php\/conditions-generales-de-vente\/","title":{"rendered":""},"content":{"rendered":"\n<figure class=\"wp-block-image aligncenter size-full is-resized\"><a href=\"https:\/\/printrelay.be\/\"><img fetchpriority=\"high\" decoding=\"async\" width=\"460\" height=\"125\" src=\"http:\/\/printrelay.be\/wp-content\/uploads\/2025\/04\/print-relau-bleu.png\" alt=\"\" class=\"wp-image-371\" style=\"width:585px;height:auto\" srcset=\"https:\/\/printrelay.be\/wp-content\/uploads\/2025\/04\/print-relau-bleu.png 460w, https:\/\/printrelay.be\/wp-content\/uploads\/2025\/04\/print-relau-bleu-300x82.png 300w\" sizes=\"(max-width: 460px) 100vw, 460px\" \/><\/a><\/figure>\n\n\n\n<div class=\"wp-block-group alignfull is-layout-constrained wp-container-core-group-is-layout-23b1a4dc wp-block-group-is-layout-constrained\" style=\"padding-top:var(--wp--preset--spacing--30);padding-right:var(--wp--preset--spacing--30);padding-bottom:var(--wp--preset--spacing--30);padding-left:var(--wp--preset--spacing--30)\">\n<div class=\"wp-block-group alignwide is-content-justification-center is-layout-flex wp-container-core-group-is-layout-a89b3969 wp-block-group-is-layout-flex\"><nav class=\"is-responsive items-justified-right wp-block-navigation is-content-justification-right is-layout-flex wp-container-core-navigation-is-layout-f665d2b5 wp-block-navigation-is-layout-flex\" aria-label=\"Navigation 2\" \n\t\t data-wp-interactive=\"core\/navigation\" data-wp-context='{\"overlayOpenedBy\":{\"click\":false,\"hover\":false,\"focus\":false},\"type\":\"overlay\",\"roleAttribute\":\"\",\"ariaLabel\":\"Menu\"}'><button aria-haspopup=\"dialog\" aria-label=\"Ouvrir le menu\" class=\"wp-block-navigation__responsive-container-open\" \n\t\t\t\tdata-wp-on--click=\"actions.openMenuOnClick\"\n\t\t\t\tdata-wp-on--keydown=\"actions.handleMenuKeydown\"\n\t\t\t><svg width=\"24\" height=\"24\" xmlns=\"http:\/\/www.w3.org\/2000\/svg\" viewBox=\"0 0 24 24\" aria-hidden=\"true\" focusable=\"false\"><path d=\"M4 7.5h16v1.5H4z\"><\/path><path d=\"M4 15h16v1.5H4z\"><\/path><\/svg><\/button>\n\t\t\t\t<div class=\"wp-block-navigation__responsive-container\"  id=\"modal-1\" \n\t\t\t\tdata-wp-class--has-modal-open=\"state.isMenuOpen\"\n\t\t\t\tdata-wp-class--is-menu-open=\"state.isMenuOpen\"\n\t\t\t\tdata-wp-watch=\"callbacks.initMenu\"\n\t\t\t\tdata-wp-on--keydown=\"actions.handleMenuKeydown\"\n\t\t\t\tdata-wp-on--focusout=\"actions.handleMenuFocusout\"\n\t\t\t\ttabindex=\"-1\"\n\t\t\t>\n\t\t\t\t\t<div class=\"wp-block-navigation__responsive-close\" tabindex=\"-1\">\n\t\t\t\t\t\t<div class=\"wp-block-navigation__responsive-dialog\" \n\t\t\t\tdata-wp-bind--aria-modal=\"state.ariaModal\"\n\t\t\t\tdata-wp-bind--aria-label=\"state.ariaLabel\"\n\t\t\t\tdata-wp-bind--role=\"state.roleAttribute\"\n\t\t\t>\n\t\t\t\t\t\t\t<button aria-label=\"Fermer le menu\" class=\"wp-block-navigation__responsive-container-close\" \n\t\t\t\tdata-wp-on--click=\"actions.closeMenuOnClick\"\n\t\t\t><svg xmlns=\"http:\/\/www.w3.org\/2000\/svg\" viewBox=\"0 0 24 24\" width=\"24\" height=\"24\" aria-hidden=\"true\" focusable=\"false\"><path d=\"m13.06 12 6.47-6.47-1.06-1.06L12 10.94 5.53 4.47 4.47 5.53 10.94 12l-6.47 6.47 1.06 1.06L12 13.06l6.47 6.47 1.06-1.06L13.06 12Z\"><\/path><\/svg><\/button>\n\t\t\t\t\t\t\t<div class=\"wp-block-navigation__responsive-container-content\" \n\t\t\t\tdata-wp-watch=\"callbacks.focusFirstElement\"\n\t\t\t id=\"modal-1-content\">\n\t\t\t\t\t\t\t\t<ul class=\"wp-block-navigation__container is-responsive items-justified-right wp-block-navigation\"><li class=\" wp-block-navigation-item wp-block-navigation-link\"><a class=\"wp-block-navigation-item__content\"  href=\"https:\/\/printrelay.be\/\"><span class=\"wp-block-navigation-item__label\">Accueil<\/span><\/a><\/li><li class=\" wp-block-navigation-item wp-block-navigation-link\"><a class=\"wp-block-navigation-item__content\"  href=\"https:\/\/printrelay.be\/index.php\/demander-un-devis\/\"><span class=\"wp-block-navigation-item__label\">Demander un devis<\/span><\/a><\/li><li class=\" wp-block-navigation-item wp-block-navigation-link\"><a class=\"wp-block-navigation-item__content\"  href=\"https:\/\/printrelay.be\/index.php\/produit\/impression-de-document\/\"><span class=\"wp-block-navigation-item__label\">Calculer le prix<\/span><\/a><\/li><li data-wp-context=\"{ &quot;submenuOpenedBy&quot;: { &quot;click&quot;: false, &quot;hover&quot;: false, &quot;focus&quot;: false }, &quot;type&quot;: &quot;submenu&quot;, &quot;modal&quot;: null, &quot;previousFocus&quot;: null }\" data-wp-interactive=\"core\/navigation\" data-wp-on--focusout=\"actions.handleMenuFocusout\" data-wp-on--keydown=\"actions.handleMenuKeydown\" data-wp-on--mouseenter=\"actions.openMenuOnHover\" data-wp-on--mouseleave=\"actions.closeMenuOnHover\" data-wp-watch=\"callbacks.initMenu\" tabindex=\"-1\" class=\"wp-block-navigation-item has-child open-on-hover-click wp-block-navigation-submenu\"><a class=\"wp-block-navigation-item__content\" href=\"https:\/\/printrelay.be\/index.php\/186-2\/\"><span class=\"wp-block-navigation-item__label\">F.A.Q<\/span><\/a><button data-wp-bind--aria-expanded=\"state.isMenuOpen\" data-wp-on--click=\"actions.toggleMenuOnClick\" aria-label=\"Sous-menu F.A.Q\" class=\"wp-block-navigation__submenu-icon wp-block-navigation-submenu__toggle\" ><svg xmlns=\"http:\/\/www.w3.org\/2000\/svg\" width=\"12\" height=\"12\" viewBox=\"0 0 12 12\" fill=\"none\" aria-hidden=\"true\" focusable=\"false\"><path d=\"M1.50002 4L6.00002 8L10.5 4\" stroke-width=\"1.5\"><\/path><\/svg><\/button><ul data-wp-on--focus=\"actions.openMenuOnFocus\" class=\"wp-block-navigation__submenu-container wp-block-navigation-submenu\"><li class=\" wp-block-navigation-item wp-block-navigation-link\"><a class=\"wp-block-navigation-item__content\"  href=\"https:\/\/printrelay.be\/index.php\/politique-de-retour-et-de-remboursement\/\"><span class=\"wp-block-navigation-item__label\">Politique de retour et remboursement<\/span><\/a><\/li><li class=\" wp-block-navigation-item wp-block-navigation-link\"><a class=\"wp-block-navigation-item__content\"  href=\"https:\/\/printrelay.be\/index.php\/politique-de-confidentialite-2\/\"><span class=\"wp-block-navigation-item__label\">Politique de confidentialit\u00e9<\/span><\/a><\/li><li class=\" wp-block-navigation-item wp-block-navigation-link\"><a class=\"wp-block-navigation-item__content\"  href=\"https:\/\/printrelay.be\/index.php\/politique-dexpedition-et-de-retour\/\"><span class=\"wp-block-navigation-item__label\">Politique d&rsquo;exp\u00e9dition <\/span><\/a><\/li><li class=\" wp-block-navigation-item wp-block-navigation-link\"><a class=\"wp-block-navigation-item__content\"  href=\"https:\/\/printrelay.be\/index.php\/mentions-legales\/\"><span class=\"wp-block-navigation-item__label\">Mentions l\u00e9gales<\/span><\/a><\/li><li class=\" wp-block-navigation-item wp-block-navigation-link\"><a class=\"wp-block-navigation-item__content\"  href=\"https:\/\/printrelay.be\/index.php\/conditions-generales-dutilisation\/\"><span class=\"wp-block-navigation-item__label\">Conditions g\u00e9n\u00e9rales d&rsquo;utilisation<\/span><\/a><\/li><li class=\" wp-block-navigation-item wp-block-navigation-link\"><a class=\"wp-block-navigation-item__content\"  href=\"https:\/\/printrelay.be\/index.php\/conditions-generales-de-vente\/\"><span class=\"wp-block-navigation-item__label\">Conditions g\u00e9n\u00e9rales de vente<\/span><\/a><\/li><\/ul><\/li><\/ul>\n\t\t\t\t\t\t\t<\/div>\n\t\t\t\t\t\t<\/div>\n\t\t\t\t\t<\/div>\n\t\t\t\t<\/div><\/nav><\/div>\n<\/div>\n\n\n\n<h2 class=\"wp-block-heading has-text-align-center\">Conditions g\u00e9n\u00e9rales de vente<\/h2>\n\n\n\n<p>Article 1 \u2013 Objet<\/p>\n\n\n\n<p>Les pr\u00e9sentes conditions g\u00e9n\u00e9rales de vente ou de fourniture de services s&rsquo;appliquent, sans restriction ni r\u00e9serve, \u00e0 l&rsquo;ensemble des produits et\/ou des services propos\u00e9s \u00e0 la vente sur printrelay.be.<\/p>\n\n\n\n<p>Le fait pour une personne physique ou morale, de commander sur le Site emporte acceptation pleine et enti\u00e8re des pr\u00e9sentes conditions g\u00e9n\u00e9rales de vente. Elles sont accessibles \u00e0 tout moment sur le Site et pr\u00e9vaudront, le cas \u00e9ch\u00e9ant, sur toute autre version et sur les propres conditions g\u00e9n\u00e9rales d&rsquo;achat ou autres du Client.<\/p>\n\n\n\n<p>Article 2 \u2013 Prix \u2013 Modalit\u00e9s de paiement<\/p>\n\n\n\n<p>Les tarifs en vigueur sont exprim\u00e9s TTC, nous nous r\u00e9servons le droit de reporter toute nouvelle taxe et augmentation de taux.<\/p>\n\n\n\n<p>Les prix indiqu\u00e9s s&rsquo;entendent en Euros.<\/p>\n\n\n\n<p>Vous devez r\u00e9gler la totalit\u00e9 des achats \u00e0 la livraison. Vous pouvez r\u00e9gler vos achats par les moyens de payement suivants : CASH<\/p>\n\n\n\n<p>Article 3 &#8211; R\u00e9clamations<\/p>\n\n\n\n<p>Toute r\u00e9clamation et\/ou contestation du client \u00e0 l&rsquo;encontre du service devra \u00eatre formul\u00e9e, exclusivement par e-mail \u00e0 l&rsquo;adresse info@printrelay.be, 14j jours apr\u00e8s r\u00e9ception du colis sous peine de d\u00e9ch\u00e9ance.<\/p>\n\n\n\n<p>Article 4 \u2013 d\u00e9lai de r\u00e9tractation<\/p>\n\n\n\n<p>Les Produits sont livr\u00e9s le plus rapidement possible par colis courrier. En accord avec le client, nous ex\u00e9cutons la prestation avant la fin du d\u00e9lai de sept jours.<\/p>\n\n\n\n<p>Article 5 \u2013 Propri\u00e9t\u00e9 intellectuelle et industrielle<\/p>\n\n\n\n<p>Toute reproduction ou repr\u00e9sentation, en tout ou partie, \u00e0 d&rsquo;autres fins notamment commerciales, sur un quelconque support est interdite. Le non-respect de cette interdiction constitue une contrefa\u00e7on qui peut engager la responsabilit\u00e9 civile et p\u00e9nale du contrefacteur.<\/p>\n\n\n\n<p>Les biens sont prot\u00e9g\u00e9s par la l\u00e9gislation sur le droit d&rsquo;auteur et d\u2019une mani\u00e8re g\u00e9n\u00e9rale, sur la propri\u00e9t\u00e9 intellectuelle. Aucune mention ou utilisation des marques, noms commerciaux, sigles, logos, dessins ou photos figurant sur le Site ne pourra \u00eatre faite sans notre accord \u00e9crit et pr\u00e9alable. Toute reproduction ou utilisation non pr\u00e9alablement et express\u00e9ment autoris\u00e9e est constitutive du d\u00e9lit de contrefa\u00e7on et passible de poursuites civiles et p\u00e9nales. Par ailleurs, les utilisations contraires aux bonnes m\u0153urs et \u00e0 la morale ne pourront faire l&rsquo;objet d&rsquo;aucune autorisation.<\/p>\n\n\n\n<p>Article 6 \u2013 Responsabilit\u00e9<\/p>\n\n\n\n<p>Les biens propos\u00e9s \u00e0 la vente ont fait l&rsquo;objet de tous les soins n\u00e9cessaires.<\/p>\n\n\n\n<p>En toute hypoth\u00e8se, la responsabilit\u00e9 de printrlay.be, de ses \u00e9diteurs, de ses partenaires et des auteurs est limit\u00e9e au remboursement du prix d&rsquo;achat.<\/p>\n\n\n\n<p>Article 7 \u2013 Vie Priv\u00e9e<\/p>\n\n\n\n<p>Nous respectons votre vie priv\u00e9e. Nous ne collectons pas de donn\u00e9es sans votre consentement. Nous vous invitons \u00e0 consulter notre charte sur la protection de la vie priv\u00e9e pour de plus amples informations.<\/p>\n\n\n\n<p>Article 8 \u2013 Invalidit\u00e9 \u2013 Force majeure \u2013 Droit applicable et Tribunal comp\u00e9tent<\/p>\n\n\n\n<p>Si pour une quelconque raison une disposition des pr\u00e9sentes conditions g\u00e9n\u00e9rales devait \u00eatre d\u00e9clar\u00e9e inapplicable, cette inapplicabilit\u00e9 n&rsquo;affecterait pas l&rsquo;application des autres dispositions des conditions g\u00e9n\u00e9rales. Celle jug\u00e9e inapplicable \u00e9tant alors remplac\u00e9e par la disposition la plus proche possible.<\/p>\n\n\n\n<p>Ni printrelay.be, ses \u00e9diteurs, ni le client ne sauraient \u00eatre tenus responsables de toute inex\u00e9cution qui aurait pour origine un cas de force majeure, \u00e9chappant \u00e0 leur contr\u00f4le, incluant notamment, sans que cela soit limitatif, les cas de guerre, d&rsquo;\u00e9meute, d&rsquo;insurrection, d&rsquo;interruption de transport, de probl\u00e8me d&rsquo;importation ou d&rsquo;exportation, de gr\u00e8ve, de lock-out, de p\u00e9nurie, d&rsquo;incendie, de tremblement de terre, de temp\u00eate, d&rsquo;inondations.<\/p>\n\n\n\n<p>Les pr\u00e9sentes conditions g\u00e9n\u00e9rales sont exclusivement r\u00e9gies par la loi belge. En cas de litige, seuls les Tribunaux de l\u2019arrondissement judiciaire de Bruxelles seront comp\u00e9tents.<\/p>\n\n\n\n<p><\/p>\n","protected":false},"excerpt":{"rendered":"<p>Conditions g\u00e9n\u00e9rales de vente Article 1 \u2013 Objet Les pr\u00e9sentes conditions g\u00e9n\u00e9rales de vente ou de fourniture de services s&rsquo;appliquent, sans restriction ni r\u00e9serve, \u00e0 l&rsquo;ensemble des produits et\/ou des services propos\u00e9s \u00e0 la vente sur printrelay.be. Le fait pour une personne physique ou morale, de commander sur le Site emporte acceptation pleine et enti\u00e8re [&hellip;]<\/p>\n","protected":false},"author":1,"featured_media":0,"parent":0,"menu_order":0,"comment_status":"closed","ping_status":"closed","template":"","meta":{"footnotes":""},"class_list":["post-397","page","type-page","status-publish","hentry"],"jetpack_sharing_enabled":true,"_links":{"self":[{"href":"https:\/\/printrelay.be\/index.php\/wp-json\/wp\/v2\/pages\/397","targetHints":{"allow":["GET"]}}],"collection":[{"href":"https:\/\/printrelay.be\/index.php\/wp-json\/wp\/v2\/pages"}],"about":[{"href":"https:\/\/printrelay.be\/index.php\/wp-json\/wp\/v2\/types\/page"}],"author":[{"embeddable":true,"href":"https:\/\/printrelay.be\/index.php\/wp-json\/wp\/v2\/users\/1"}],"replies":[{"embeddable":true,"href":"https:\/\/printrelay.be\/index.php\/wp-json\/wp\/v2\/comments?post=397"}],"version-history":[{"count":3,"href":"https:\/\/printrelay.be\/index.php\/wp-json\/wp\/v2\/pages\/397\/revisions"}],"predecessor-version":[{"id":706,"href":"https:\/\/printrelay.be\/index.php\/wp-json\/wp\/v2\/pages\/397\/revisions\/706"}],"wp:attachment":[{"href":"https:\/\/printrelay.be\/index.php\/wp-json\/wp\/v2\/media?parent=397"}],"curies":[{"name":"wp","href":"https:\/\/api.w.org\/{rel}","templated":true}]}}