{"id":239,"date":"2025-04-03T16:11:58","date_gmt":"2025-04-03T14:11:58","guid":{"rendered":"https:\/\/printrelay.be\/?post_type=product&#038;p=239"},"modified":"2025-07-26T17:35:16","modified_gmt":"2025-07-26T15:35:16","slug":"impression-de-document","status":"publish","type":"product","link":"https:\/\/printrelay.be\/index.php\/produit\/impression-de-document\/","title":{"rendered":"Impression de document"},"content":{"rendered":"<h2 data-start=\"271\" data-end=\"498\">Chez <strong data-start=\"276\" data-end=\"290\">PrintRelay<\/strong>,<\/h2>\n<p class=\"\" data-start=\"271\" data-end=\"498\">on mise sur <strong data-start=\"304\" data-end=\"369\">la flexibilit\u00e9, la rapidit\u00e9 et les meilleurs tarifs du march\u00e9<\/strong> pour r\u00e9pondre \u00e0 tous vos besoins d\u2019impression.<br data-start=\"416\" data-end=\"419\" \/>Une question ? Une commande urgente ?<br data-start=\"459\" data-end=\"462\" \/><strong data-start=\"465\" data-end=\"498\">R\u00e9ponse garantie rapidement !<\/strong><\/p>\n<p class=\"\" data-start=\"500\" data-end=\"632\"><strong data-start=\"500\" data-end=\"529\">Contactez-nous facilement<\/strong> :<\/p>\n<p class=\"\" data-start=\"500\" data-end=\"632\"><br data-start=\"531\" data-end=\"534\" \/>\u2709\ufe0f Mail : <a rel=\"noopener\" data-start=\"544\" data-end=\"593\">info@printrelay.be<\/a><br data-start=\"593\" data-end=\"596\" \/>\ud83d\udcf1 GSM \/ WhatsApp : +32 456 25 00 65<\/p>\n<hr class=\"\" data-start=\"634\" data-end=\"637\" \/>\n<h2 data-start=\"639\" data-end=\"659\">\ud83d\uddc2\ufe0f Nos services<\/h2>\n<h4 class=\"\" data-start=\"661\" data-end=\"681\">1. <strong data-start=\"671\" data-end=\"681\">Copies<\/strong><\/h4>\n<p class=\"\" data-start=\"682\" data-end=\"754\">Impression de documents en Noir &amp; Blanc ou en Couleur, formats A4 et A3.<\/p>\n<div class=\"overflow-x-auto contain-inline-size\">\n<table data-start=\"756\" data-end=\"865\">\n<thead data-start=\"756\" data-end=\"782\">\n<tr data-start=\"756\" data-end=\"782\">\n<th data-start=\"756\" data-end=\"765\">Format<\/th>\n<th data-start=\"765\" data-end=\"771\">N\/B<\/th>\n<th data-start=\"771\" data-end=\"782\">Couleur<\/th>\n<\/tr>\n<\/thead>\n<tbody data-start=\"810\" data-end=\"865\">\n<tr data-start=\"810\" data-end=\"837\">\n<td>A4<\/td>\n<td>0,03\u20ac<\/td>\n<td>0,15\u20ac<\/td>\n<\/tr>\n<tr data-start=\"838\" data-end=\"865\">\n<td>A3<\/td>\n<td>0,06\u20ac<\/td>\n<td>0,30\u20ac<\/td>\n<\/tr>\n<\/tbody>\n<\/table>\n<\/div>\n<h4 class=\"\" data-start=\"867\" data-end=\"896\">2. <strong data-start=\"877\" data-end=\"896\">Produits reli\u00e9s<\/strong><\/h4>\n<p class=\"\" data-start=\"897\" data-end=\"980\">Nous proposons plusieurs types de reliures pour vos syllabus, rapports ou dossiers.<\/p>\n<div class=\"overflow-x-auto contain-inline-size\">\n<table data-start=\"168\" data-end=\"370\">\n<thead data-start=\"168\" data-end=\"206\">\n<tr data-start=\"168\" data-end=\"206\">\n<th data-start=\"168\" data-end=\"194\">Type de reliure<\/th>\n<th data-start=\"194\" data-end=\"206\">Prix<\/th>\n<\/tr>\n<\/thead>\n<tbody data-start=\"247\" data-end=\"370\">\n<tr data-start=\"247\" data-end=\"286\">\n<td>Anneaux plastique<\/td>\n<td>2,00 \u20ac<\/td>\n<\/tr>\n<tr data-start=\"287\" data-end=\"326\">\n<td>Anneaux m\u00e9tal<\/td>\n<td>2,50 \u20ac<\/td>\n<\/tr>\n<tr data-start=\"327\" data-end=\"370\">\n<td>Bande coll\u00e9e (thermoreliure)<\/td>\n<td>2,50 \u20ac<\/td>\n<\/tr>\n<\/tbody>\n<\/table>\n<\/div>\n<h4 class=\"\" data-start=\"1099\" data-end=\"1128\">3. <strong data-start=\"1109\" data-end=\"1128\">Autres produits<\/strong><\/h4>\n<p class=\"\" data-start=\"1129\" data-end=\"1157\">Impression \u00e0 la demande de :<\/p>\n<ul data-start=\"1158\" data-end=\"1213\">\n<li class=\"\" data-start=\"1158\" data-end=\"1168\">\n<p class=\"\" data-start=\"1160\" data-end=\"1168\">\u00a0Plans<\/p>\n<\/li>\n<li class=\"\" data-start=\"1169\" data-end=\"1182\">\n<p class=\"\" data-start=\"1171\" data-end=\"1182\">Affiches<\/p>\n<\/li>\n<li class=\"\" data-start=\"1183\" data-end=\"1195\">\n<p class=\"\" data-start=\"1185\" data-end=\"1195\">Flyers<\/p>\n<\/li>\n<li class=\"\" data-start=\"1196\" data-end=\"1213\">\n<p class=\"\" data-start=\"1198\" data-end=\"1213\">Faire-part<\/p>\n<\/li>\n<\/ul>\n<p class=\"\" data-start=\"1215\" data-end=\"1311\">\ud83d\udccc <strong data-start=\"1218\" data-end=\"1249\">Prix sur devis personnalis\u00e9<\/strong> \u2014 contactez nous avec vos besoins pour une estimation rapide.<\/p>\n<hr class=\"\" data-start=\"1313\" data-end=\"1316\" \/>\n<h2 data-start=\"1318\" data-end=\"1334\">Livraison<\/h2>\n<p class=\"\" data-start=\"1336\" data-end=\"1400\">Livraison possible sur <strong data-start=\"1359\" data-end=\"1398\">Bruxelles et communes p\u00e9riph\u00e9riques<\/strong><\/p>\n<ul data-start=\"1401\" data-end=\"1549\">\n<li class=\"\" data-start=\"1401\" data-end=\"1424\">\n<p class=\"\" data-start=\"1403\" data-end=\"1424\">\u00c0 partir de <strong data-start=\"1415\" data-end=\"1422\">20\u20ac<\/strong><\/p>\n<\/li>\n<\/ul>\n<p class=\"\" data-start=\"1551\" data-end=\"1600\">\ud83d\udcdd <strong data-start=\"1554\" data-end=\"1583\">Livraison personnalis\u00e9e ?<\/strong> Prix sur demande<\/p>\n<hr class=\"\" data-start=\"1602\" data-end=\"1605\" \/>\n<p class=\"\" data-start=\"1607\" data-end=\"1695\">\ud83d\udcac <strong data-start=\"1610\" data-end=\"1695\">Disponible, rapide, et au prix le plus juste. Essayez PrintRelay d\u00e8s maintenant !<\/strong><\/p>\n","protected":false},"excerpt":{"rendered":"<p>Chez PrintRelay, on mise sur la flexibilit\u00e9, la rapidit\u00e9 et les meilleurs tarifs du march\u00e9 pour r\u00e9pondre \u00e0 tous vos besoins d\u2019impression.Une question ? Une commande urgente ?R\u00e9ponse garantie rapidement ! Contactez-nous facilement : \u2709\ufe0f Mail : info@printrelay.be\ud83d\udcf1 GSM \/ WhatsApp : +32 456 25 00 65 \ud83d\uddc2\ufe0f Nos services 1. Copies Impression de documents [&hellip;]<\/p>\n","protected":false},"featured_media":201,"comment_status":"open","ping_status":"closed","template":"","meta":[],"product_brand":[],"product_cat":[15],"product_tag":[],"class_list":{"0":"post-239","1":"product","2":"type-product","3":"status-publish","4":"has-post-thumbnail","6":"product_cat-non-classe","8":"first","9":"instock","10":"shipping-taxable","11":"purchasable","12":"product-type-simple"},"jetpack_sharing_enabled":true,"_links":{"self":[{"href":"https:\/\/printrelay.be\/index.php\/wp-json\/wp\/v2\/product\/239","targetHints":{"allow":["GET"]}}],"collection":[{"href":"https:\/\/printrelay.be\/index.php\/wp-json\/wp\/v2\/product"}],"about":[{"href":"https:\/\/printrelay.be\/index.php\/wp-json\/wp\/v2\/types\/product"}],"replies":[{"embeddable":true,"href":"https:\/\/printrelay.be\/index.php\/wp-json\/wp\/v2\/comments?post=239"}],"wp:featuredmedia":[{"embeddable":true,"href":"https:\/\/printrelay.be\/index.php\/wp-json\/wp\/v2\/media\/201"}],"wp:attachment":[{"href":"https:\/\/printrelay.be\/index.php\/wp-json\/wp\/v2\/media?parent=239"}],"wp:term":[{"taxonomy":"product_brand","embeddable":true,"href":"https:\/\/printrelay.be\/index.php\/wp-json\/wp\/v2\/product_brand?post=239"},{"taxonomy":"product_cat","embeddable":true,"href":"https:\/\/printrelay.be\/index.php\/wp-json\/wp\/v2\/product_cat?post=239"},{"taxonomy":"product_tag","embeddable":true,"href":"https:\/\/printrelay.be\/index.php\/wp-json\/wp\/v2\/product_tag?post=239"}],"curies":[{"name":"wp","href":"https:\/\/api.w.org\/{rel}","templated":true}]}}